{"id":14,"date":"2022-05-30T15:49:15","date_gmt":"2022-05-30T15:49:15","guid":{"rendered":"https:\/\/caf.abitureiras.com\/?page_id=14"},"modified":"2023-04-24T16:18:41","modified_gmt":"2023-04-24T16:18:41","slug":"contactos","status":"publish","type":"page","link":"https:\/\/caf.abitureiras.com\/index.php\/contactos\/","title":{"rendered":"Contactos"},"content":{"rendered":"\n<p> <\/p>\n\n\n\n<p><strong>Se voc\u00ea ou algum familiar precisa de apoio e assist\u00eancia, n\u00e3o hesite em contactar. N\u00f3s estamos aqui para ajudar e oferecer todo o suporte necess\u00e1rio para garantir o bem-estar e a qualidade de vida de todos os nossos utentes.<\/strong><\/p>\n\n\n\n<h3 class=\"wp-block-heading\">MORADA<\/h3>\n\n\n\n<p><strong>Rua das Escolas<br>2005-129, Abitureiras<br>Santar\u00e9m, Portugal<\/strong><\/p>\n\n\n\n<h3 class=\"wp-block-heading\">TELEFONE<\/h3>\n\n\n\n<p><strong>243 469 656<\/strong><\/p>\n\n\n\n<h3 class=\"wp-block-heading\">EMAIL<\/h3>\n\n\n\n<p><a href=\"mailto:caf-abitureiras@sapo.pt;\">caf-abitureiras@sapo.pt<\/a><\/p>\n\n\n\n<div class=\"wp-block-buttons is-layout-flex wp-block-buttons-is-layout-flex\">\n<div class=\"wp-block-button is-style-outline is-style-outline--1\"><a class=\"wp-block-button__link has-text-align-center wp-element-button\" href=\"https:\/\/caf.abitureiras.com\/index.php\/pedido-de-simulacao\/\"><strong>Pe\u00e7a uma Simula\u00e7\u00e3o<\/strong><\/a><\/div>\n<\/div>\n","protected":false},"excerpt":{"rendered":"<p>Se voc\u00ea ou algum familiar precisa de apoio e assist\u00eancia, n\u00e3o hesite em contactar. N\u00f3s estamos aqui para ajudar e oferecer todo o suporte necess\u00e1rio para garantir o bem-estar e a qualidade de vida de todos os nossos utentes. MORADA Rua das Escolas2005-129, AbitureirasSantar\u00e9m, Portugal TELEFONE 243 469 656 EMAIL caf-abitureiras@sapo.pt<\/p>\n","protected":false},"author":2,"featured_media":0,"parent":0,"menu_order":0,"comment_status":"closed","ping_status":"closed","template":"","meta":{"footnotes":""},"class_list":["post-14","page","type-page","status-publish","hentry"],"_links":{"self":[{"href":"https:\/\/caf.abitureiras.com\/index.php\/wp-json\/wp\/v2\/pages\/14","targetHints":{"allow":["GET"]}}],"collection":[{"href":"https:\/\/caf.abitureiras.com\/index.php\/wp-json\/wp\/v2\/pages"}],"about":[{"href":"https:\/\/caf.abitureiras.com\/index.php\/wp-json\/wp\/v2\/types\/page"}],"author":[{"embeddable":true,"href":"https:\/\/caf.abitureiras.com\/index.php\/wp-json\/wp\/v2\/users\/2"}],"replies":[{"embeddable":true,"href":"https:\/\/caf.abitureiras.com\/index.php\/wp-json\/wp\/v2\/comments?post=14"}],"version-history":[{"count":9,"href":"https:\/\/caf.abitureiras.com\/index.php\/wp-json\/wp\/v2\/pages\/14\/revisions"}],"predecessor-version":[{"id":150,"href":"https:\/\/caf.abitureiras.com\/index.php\/wp-json\/wp\/v2\/pages\/14\/revisions\/150"}],"wp:attachment":[{"href":"https:\/\/caf.abitureiras.com\/index.php\/wp-json\/wp\/v2\/media?parent=14"}],"curies":[{"name":"wp","href":"https:\/\/api.w.org\/{rel}","templated":true}]}}