{"id":25,"date":"2023-04-20T19:33:25","date_gmt":"2023-04-20T19:33:25","guid":{"rendered":"https:\/\/caf.abitureiras.com\/?page_id=25"},"modified":"2023-04-24T16:12:51","modified_gmt":"2023-04-24T16:12:51","slug":"servicos","status":"publish","type":"page","link":"https:\/\/caf.abitureiras.com\/index.php\/servicos\/","title":{"rendered":"Servi\u00e7os"},"content":{"rendered":"\n<p><\/p>\n\n\n\n<h5 class=\"wp-block-heading\"><strong>No Centro de Dia, os utentes t\u00eam acesso a uma s\u00e9rie de servi\u00e7os essenciais, tais como alimenta\u00e7\u00e3o, higiene pessoal, tratamento de roupa e apoio na sa\u00fade. Al\u00e9m disso, s\u00e3o proporcionadas diversas atividades e passeios que promovem o conv\u00edvio e o bem-estar social dos utentes.<\/strong><\/h5>\n\n\n\n<p><strong>Servi\u00e7os Principais:<\/strong><\/p>\n\n\n\n<h5 class=\"wp-block-heading\">Centro de dia:<\/h5>\n\n\n\n<ul class=\"wp-block-list\">\n<li>Alimenta\u00e7\u00e3o;<\/li>\n\n\n\n<li>Higiene pessoal;<\/li>\n\n\n\n<li>Tratamento de roupa;<\/li>\n\n\n\n<li>Apoio na sa\u00fade;<\/li>\n\n\n\n<li>Transporte;<\/li>\n\n\n\n<li>Ocupa\u00e7\u00e3o\/atividades;<\/li>\n\n\n\n<li>Passeios.<\/li>\n<\/ul>\n\n\n\n<h5 class=\"wp-block-heading\">Apoio Domicili\u00e1rio:<\/h5>\n\n\n\n<ul class=\"wp-block-list\">\n<li>Entrega de refei\u00e7\u00f5es ao domic\u00edlio;<\/li>\n\n\n\n<li>Higiene pessoal no domic\u00edlio;<\/li>\n\n\n\n<li>Limpeza da habita\u00e7\u00e3o;<\/li>\n\n\n\n<li>Ocupa\u00e7\u00e3o\/atividades.<\/li>\n<\/ul>\n\n\n\n<div class=\"wp-block-buttons is-layout-flex wp-block-buttons-is-layout-flex\">\n<div class=\"wp-block-button is-style-outline is-style-outline--1\"><a class=\"wp-block-button__link wp-element-button\" href=\"https:\/\/caf.abitureiras.com\/index.php\/pedido-de-simulacao\/\">Solicite uma simula\u00e7\u00e3o<\/a><\/div>\n<\/div>\n","protected":false},"excerpt":{"rendered":"<p>No Centro de Dia, os utentes t\u00eam acesso a uma s\u00e9rie de servi\u00e7os essenciais, tais como alimenta\u00e7\u00e3o, higiene pessoal, tratamento de roupa e apoio na sa\u00fade. Al\u00e9m disso, s\u00e3o proporcionadas diversas atividades e passeios que promovem o conv\u00edvio e o bem-estar social dos utentes. Servi\u00e7os Principais: Centro de dia: Apoio Domicili\u00e1rio:<\/p>\n","protected":false},"author":2,"featured_media":0,"parent":0,"menu_order":0,"comment_status":"closed","ping_status":"closed","template":"","meta":{"footnotes":""},"class_list":["post-25","page","type-page","status-publish","hentry"],"_links":{"self":[{"href":"https:\/\/caf.abitureiras.com\/index.php\/wp-json\/wp\/v2\/pages\/25","targetHints":{"allow":["GET"]}}],"collection":[{"href":"https:\/\/caf.abitureiras.com\/index.php\/wp-json\/wp\/v2\/pages"}],"about":[{"href":"https:\/\/caf.abitureiras.com\/index.php\/wp-json\/wp\/v2\/types\/page"}],"author":[{"embeddable":true,"href":"https:\/\/caf.abitureiras.com\/index.php\/wp-json\/wp\/v2\/users\/2"}],"replies":[{"embeddable":true,"href":"https:\/\/caf.abitureiras.com\/index.php\/wp-json\/wp\/v2\/comments?post=25"}],"version-history":[{"count":14,"href":"https:\/\/caf.abitureiras.com\/index.php\/wp-json\/wp\/v2\/pages\/25\/revisions"}],"predecessor-version":[{"id":144,"href":"https:\/\/caf.abitureiras.com\/index.php\/wp-json\/wp\/v2\/pages\/25\/revisions\/144"}],"wp:attachment":[{"href":"https:\/\/caf.abitureiras.com\/index.php\/wp-json\/wp\/v2\/media?parent=25"}],"curies":[{"name":"wp","href":"https:\/\/api.w.org\/{rel}","templated":true}]}}